{"id":4886,"date":"2022-08-03T04:23:40","date_gmt":"2022-08-03T02:23:40","guid":{"rendered":"https:\/\/winebrotherhoods.org\/becoming-a-member\/"},"modified":"2023-03-28T13:57:07","modified_gmt":"2023-03-28T11:57:07","slug":"becoming-a-member","status":"publish","type":"page","link":"https:\/\/dev.winebrotherhoods.org\/en\/becoming-a-member\/","title":{"rendered":"Becoming a member"},"content":{"rendered":"\t\t<div data-elementor-type=\"wp-page\" data-elementor-id=\"4886\" class=\"elementor elementor-4886 elementor-244\" data-elementor-post-type=\"page\">\n\t\t\t\t\t\t<section class=\"elementor-section elementor-top-section elementor-element elementor-element-ee64093 elementor-section-height-min-height elementor-section-items-top elementor-section-boxed elementor-section-height-default\" data-id=\"ee64093\" data-element_type=\"section\" data-settings=\"{&quot;background_background&quot;:&quot;classic&quot;}\">\n\t\t\t\t\t\t<div class=\"elementor-container elementor-column-gap-default\">\n\t\t\t\t\t<div class=\"elementor-column elementor-col-50 elementor-top-column elementor-element elementor-element-e736100\" data-id=\"e736100\" data-element_type=\"column\" data-settings=\"{&quot;background_background&quot;:&quot;classic&quot;}\">\n\t\t\t<div class=\"elementor-widget-wrap elementor-element-populated\">\n\t\t\t\t\t\t<div class=\"elementor-element elementor-element-7adc0dd elementor-widget elementor-widget-heading\" data-id=\"7adc0dd\" data-element_type=\"widget\" data-widget_type=\"heading.default\">\n\t\t\t\t<div class=\"elementor-widget-container\">\n\t\t\t\t\t<h1 class=\"elementor-heading-title elementor-size-default\">Becoming a member<\/h1>\t\t\t\t<\/div>\n\t\t\t\t<\/div>\n\t\t\t\t<div class=\"elementor-element elementor-element-ba5a644 elementor-widget elementor-widget-text-editor\" data-id=\"ba5a644\" data-element_type=\"widget\" data-widget_type=\"text-editor.default\">\n\t\t\t\t<div class=\"elementor-widget-container\">\n\t\t\t\t\t\t\t\t\t<div>The Statutes of F.I.C.B. foresee 3 categories of members:<\/div>\n<div> <\/div>\n<div>&#8211; active member<\/div>\n<div>&#8211; associate member<\/div>\n<div>&#8211; honorary member<\/div>\n\t\t\t\t\t\t\t\t<\/div>\n\t\t\t\t<\/div>\n\t\t\t\t<div class=\"elementor-element elementor-element-224709b elementor-widget elementor-widget-text-editor\" data-id=\"224709b\" data-element_type=\"widget\" data-widget_type=\"text-editor.default\">\n\t\t\t\t<div class=\"elementor-widget-container\">\n\t\t\t\t\t\t\t\t\t<div>\n<div>The conditions for admission are specified in the <a href=\"https:\/\/dev.winebrotherhoods.org\/wp-content\/uploads\/2023\/01\/FICB_statuts_version_finale_FREN_PDF.pdf\">statutes<\/a> and the rules of <a href=\"https:\/\/dev.winebrotherhoods.org\/wp-content\/uploads\/2023\/01\/FICBReglementinterieurversionfinaleFRENPDF.pdf\">procedure<\/a><\/div>\n<\/div>\n\t\t\t\t\t\t\t\t<\/div>\n\t\t\t\t<\/div>\n\t\t\t\t<div class=\"elementor-element elementor-element-aa122e2 elementor-widget elementor-widget-text-editor\" data-id=\"aa122e2\" data-element_type=\"widget\" data-widget_type=\"text-editor.default\">\n\t\t\t\t<div class=\"elementor-widget-container\">\n\t\t\t\t\t\t\t\t\t<p>The <strong class=\"font-rouge\">active members<\/strong> of F.I.C.B. are wine brotherhoods, or associations thereof, and, by extension wine societies, having similar activities and endorsing the International Charter of Wine brotherhoods of the F.I.C.B.<\/p>\n\t\t\t\t\t\t\t\t<\/div>\n\t\t\t\t<\/div>\n\t\t\t\t<div class=\"elementor-element elementor-element-344747c elementor-widget elementor-widget-text-editor\" data-id=\"344747c\" data-element_type=\"widget\" data-widget_type=\"text-editor.default\">\n\t\t\t\t<div class=\"elementor-widget-container\">\n\t\t\t\t\t\t\t\t\t<p>The membership application should be made using <a href=\"https:\/\/dev.winebrotherhoods.org\/wp-content\/uploads\/2023\/01\/FICB_formulaire_adhesion.docx\">the application form<\/a> , to be returned duly completed and signed by the Grand Master of the organization (or the equivalent top executive) having the power to commit it legally, together with a brief history and succinct information on the membership of the applicant. Candidacies for active membership should be supported by at least 2 active members of F.I.C.B.<\/p>\n\t\t\t\t\t\t\t\t<\/div>\n\t\t\t\t<\/div>\n\t\t\t\t<div class=\"elementor-element elementor-element-cb929a5 elementor-widget elementor-widget-text-editor\" data-id=\"cb929a5\" data-element_type=\"widget\" data-widget_type=\"text-editor.default\">\n\t\t\t\t<div class=\"elementor-widget-container\">\n\t\t\t\t\t\t\t\t\t<div>Among the advantages of being an active member:<\/div>\n<div> <\/div>\n<div>&#8211; Active contribution to the international promotion of the values and traditions that our Wine brotherhoods advocate for the production and tasting of quality wines;<\/div>\n<div> <\/div>\n<div>&#8211; The network of contacts between our members, which is a source of inspiration, information, mutual promotion and collaboration between our members;<\/div>\n<div> <\/div>\n<div>&#8211; Our bilingual website <a href=\"https:\/\/dev.winebrotherhoods.org\/en\/\">www.winebrotherhoods.org<\/a> which we have recently completely revamped and are developing to make it a truly international reference portal on the quality, traditions and culture of wine and thus increase its exposure to internet users interested in the world of wine. Our active members benefit from an individual page in the website and may thus increase their visibility promote their own image and events.<\/div>\n<div>Get the <a href=\"https:\/\/dev.winebrotherhoods.org\/wp-content\/uploads\/2023\/03\/formulaire-sitewebsite-form-2023.pdf\">information form to provide<\/a> for implementing this page.<br \/>The website also contains information on F.I.C.B. and its activities.<\/div>\n<div> <\/div>\n<div>&#8211; The priority to participate in the international biennial F.I.C.B. Congresses and events. The next Congress will take place in Portugal in 2023. In 2019, the first F.I.C.B. International wine tasting and rating Challenge took place in Finland.<\/div>\n<div> <\/div>\n<div>&#8211; The use of the Paris address of the seat of F.I.C.B. and access to a meeting room at the Paris Wine Museum, to hold meetings (booking must be made in advance) and preferential rates for admission to the museum and its restaurant.<\/div>\n<div> <\/div>\n<div>&#8211; Le certificat d&#8217;adh\u00e9sion \u00e0 la F.I.C.B. qui peut \u00eatre utilis\u00e9 pour la communication et un lien vers le site de la F.I.C.B.<\/div>\n\t\t\t\t\t\t\t\t<\/div>\n\t\t\t\t<\/div>\n\t\t\t\t<div class=\"elementor-element elementor-element-e3e9513 elementor-widget elementor-widget-text-editor\" data-id=\"e3e9513\" data-element_type=\"widget\" id=\"cotisations\" data-widget_type=\"text-editor.default\">\n\t\t\t\t<div class=\"elementor-widget-container\">\n\t\t\t\t\t\t\t\t\t<div>\n<div><span style=\"text-decoration: underline;\"><strong>Cotisations<\/strong><\/span><\/div>\n<div> <\/div>\n<div>The membership fee for 2022 for <strong>active members<\/strong> is 150\u20ac. The initial admission fee is 50\u20ac. <\/div>\n<\/div>\n<div> <\/div>\n<div>\n<p><strong>Associate members<\/strong> should be presented by their related FICB member Wine brotherhood.<\/p>\n<div>The associate membership fee for 2022 is 100\u20ac. <\/div>\n<div> <\/div>\n<\/div>\n<div>Les <strong>membres d&#8217;honneur<\/strong> sont les personnes physiques qui ont rendu d&#8217;\u00e9minents services \u00e0 la F.I.C.B.<\/div>\n<div> <\/div>\n<div>It is the Executive Committee of F.I.C.B. which decides on admission whatever the status (active, associate or honorary)<\/div>\n\t\t\t\t\t\t\t\t<\/div>\n\t\t\t\t<\/div>\n\t\t\t\t\t<\/div>\n\t\t<\/div>\n\t\t\t\t<div class=\"elementor-column elementor-col-50 elementor-top-column elementor-element elementor-element-29621b1 sticky-column\" data-id=\"29621b1\" data-element_type=\"column\">\n\t\t\t<div class=\"elementor-widget-wrap elementor-element-populated\">\n\t\t\t\t\t\t<section class=\"elementor-section elementor-inner-section elementor-element elementor-element-d46411b sticky-parent elementor-section-boxed elementor-section-height-default elementor-section-height-default\" data-id=\"d46411b\" data-element_type=\"section\">\n\t\t\t\t\t\t<div class=\"elementor-container elementor-column-gap-default\">\n\t\t\t\t\t<div class=\"elementor-column elementor-col-100 elementor-inner-column elementor-element elementor-element-9cc4b2c\" data-id=\"9cc4b2c\" data-element_type=\"column\" data-settings=\"{&quot;background_background&quot;:&quot;classic&quot;}\">\n\t\t\t<div class=\"elementor-widget-wrap elementor-element-populated\">\n\t\t\t\t\t\t<div class=\"elementor-element elementor-element-dc3feb2 elementor-widget elementor-widget-theme-site-logo elementor-widget-image\" data-id=\"dc3feb2\" data-element_type=\"widget\" data-widget_type=\"theme-site-logo.default\">\n\t\t\t\t<div class=\"elementor-widget-container\">\n\t\t\t\t\t\t\t\t\t\t\t<a href=\"https:\/\/dev.winebrotherhoods.org\/en\/\">\n\t\t\t<img fetchpriority=\"high\" decoding=\"async\" width=\"300\" height=\"300\" src=\"https:\/\/dev.winebrotherhoods.org\/wp-content\/uploads\/2022\/07\/cropped-FICB_Logo_Huet_AJB_bk_alpha_300px.png\" class=\"attachment-full size-full wp-image-102\" alt=\"cropped FICB Logo Huet AJB bk alpha 300px\" srcset=\"https:\/\/dev.winebrotherhoods.org\/wp-content\/uploads\/2022\/07\/cropped-FICB_Logo_Huet_AJB_bk_alpha_300px.png 300w, https:\/\/dev.winebrotherhoods.org\/wp-content\/uploads\/2022\/07\/cropped-FICB_Logo_Huet_AJB_bk_alpha_300px-150x150.png 150w\" sizes=\"(max-width: 300px) 100vw, 300px\" \/>\t\t\t\t<\/a>\n\t\t\t\t\t\t\t\t\t\t\t<\/div>\n\t\t\t\t<\/div>\n\t\t\t\t<div class=\"elementor-element elementor-element-5997063 elementor-widget elementor-widget-heading\" data-id=\"5997063\" data-element_type=\"widget\" data-widget_type=\"heading.default\">\n\t\t\t\t<div class=\"elementor-widget-container\">\n\t\t\t\t\t<h1 class=\"elementor-heading-title elementor-size-default\">INTERNATIONAL FEDERATION OF WINE BROTHERHOODS<\/h1>\t\t\t\t<\/div>\n\t\t\t\t<\/div>\n\t\t\t\t<div class=\"elementor-element elementor-element-e88d6ad elementor-widget elementor-widget-text-editor\" data-id=\"e88d6ad\" data-element_type=\"widget\" data-widget_type=\"text-editor.default\">\n\t\t\t\t<div class=\"elementor-widget-container\">\n\t\t\t\t\t\t\t\t\t<p>WHY BECOME A MEMBER?<\/p>\n\t\t\t\t\t\t\t\t<\/div>\n\t\t\t\t<\/div>\n\t\t\t\t<div class=\"elementor-element elementor-element-8e8c347 elementor-widget elementor-widget-text-editor\" data-id=\"8e8c347\" data-element_type=\"widget\" data-widget_type=\"text-editor.default\">\n\t\t\t\t<div class=\"elementor-widget-container\">\n\t\t\t\t\t\t\t\t\t<p>Being a member of FICB enables wine brotherhoods and assocaitions thereof to benefit from an international network to share experience, contacts and information. They benefit from a hyperlink from the FICB website to their website which increases their exposure. Membership gives them a preferential access to the events and services of FICB, in particular to its biennial international Congress. Under condtions specified by the Rules of procedure of the Federation, members may use the reference to FICB in their communication and their own members may use a distinctive sign to materialize their membership.   <\/p>\n\t\t\t\t\t\t\t\t<\/div>\n\t\t\t\t<\/div>\n\t\t\t\t\t<\/div>\n\t\t<\/div>\n\t\t\t\t\t<\/div>\n\t\t<\/section>\n\t\t\t\t\t<\/div>\n\t\t<\/div>\n\t\t\t\t\t<\/div>\n\t\t<\/section>\n\t\t\t\t<\/div>\n\t\t","protected":false},"excerpt":{"rendered":"<p>Becoming a member The Statutes of F.I.C.B. foresee 3 categories of members: &#8211; active member &#8211; associate member &#8211; honorary member The conditions for admission are specified in the statutes [&hellip;]<\/p>\n","protected":false},"author":2,"featured_media":188,"parent":0,"menu_order":0,"comment_status":"closed","ping_status":"closed","template":"elementor_header_footer","meta":{"footnotes":""},"class_list":["post-4886","page","type-page","status-publish","has-post-thumbnail","hentry"],"post_mailing_queue_ids":[],"_links":{"self":[{"href":"https:\/\/dev.winebrotherhoods.org\/en\/wp-json\/wp\/v2\/pages\/4886","targetHints":{"allow":["GET"]}}],"collection":[{"href":"https:\/\/dev.winebrotherhoods.org\/en\/wp-json\/wp\/v2\/pages"}],"about":[{"href":"https:\/\/dev.winebrotherhoods.org\/en\/wp-json\/wp\/v2\/types\/page"}],"author":[{"embeddable":true,"href":"https:\/\/dev.winebrotherhoods.org\/en\/wp-json\/wp\/v2\/users\/2"}],"replies":[{"embeddable":true,"href":"https:\/\/dev.winebrotherhoods.org\/en\/wp-json\/wp\/v2\/comments?post=4886"}],"version-history":[{"count":4,"href":"https:\/\/dev.winebrotherhoods.org\/en\/wp-json\/wp\/v2\/pages\/4886\/revisions"}],"predecessor-version":[{"id":5764,"href":"https:\/\/dev.winebrotherhoods.org\/en\/wp-json\/wp\/v2\/pages\/4886\/revisions\/5764"}],"wp:featuredmedia":[{"embeddable":true,"href":"https:\/\/dev.winebrotherhoods.org\/en\/wp-json\/wp\/v2\/media\/188"}],"wp:attachment":[{"href":"https:\/\/dev.winebrotherhoods.org\/en\/wp-json\/wp\/v2\/media?parent=4886"}],"curies":[{"name":"wp","href":"https:\/\/api.w.org\/{rel}","templated":true}]}}