{"id":4659,"date":"2022-09-27T21:51:02","date_gmt":"2022-09-27T19:51:02","guid":{"rendered":"https:\/\/winebrotherhoods.org\/brotherhoods\/france-brotherhood\/france-brotherhood-confrerie-bachique-cloriviere\/"},"modified":"2023-01-19T04:31:12","modified_gmt":"2023-01-19T03:31:12","slug":"france-brotherhood-confrerie-bachique-cloriviere","status":"publish","type":"page","link":"https:\/\/dev.winebrotherhoods.org\/en\/brotherhoods\/france-brotherhood\/france-brotherhood-confrerie-bachique-cloriviere\/","title":{"rendered":"France Brotherhood &#8211; CONFR\u00c9RIE BACHIQUE CLORIVI\u00c8RE"},"content":{"rendered":"\t\t<div data-elementor-type=\"wp-page\" data-elementor-id=\"4659\" class=\"elementor elementor-4659 elementor-981\" data-elementor-post-type=\"page\">\n\t\t\t\t\t\t<section class=\"elementor-section elementor-top-section elementor-element elementor-element-ee64093 elementor-section-height-min-height elementor-section-items-top elementor-section-boxed elementor-section-height-default\" data-id=\"ee64093\" data-element_type=\"section\" data-settings=\"{&quot;background_background&quot;:&quot;classic&quot;}\">\n\t\t\t\t\t\t<div class=\"elementor-container elementor-column-gap-default\">\n\t\t\t\t\t<div class=\"elementor-column elementor-col-50 elementor-top-column elementor-element elementor-element-e736100\" data-id=\"e736100\" data-element_type=\"column\" data-settings=\"{&quot;background_background&quot;:&quot;classic&quot;}\">\n\t\t\t<div class=\"elementor-widget-wrap elementor-element-populated\">\n\t\t\t\t\t\t<div class=\"elementor-element elementor-element-7adc0dd elementor-widget elementor-widget-heading\" data-id=\"7adc0dd\" data-element_type=\"widget\" data-widget_type=\"heading.default\">\n\t\t\t\t<div class=\"elementor-widget-container\">\n\t\t\t\t\t<h1 class=\"elementor-heading-title elementor-size-default\">CONFR\u00c9RIE BACHIQUE CLORIVI\u00c8RE<\/h1>\t\t\t\t<\/div>\n\t\t\t\t<\/div>\n\t\t\t\t<div class=\"elementor-element elementor-element-36a604f elementor-widget elementor-widget-image\" data-id=\"36a604f\" data-element_type=\"widget\" data-widget_type=\"image.default\">\n\t\t\t\t<div class=\"elementor-widget-container\">\n\t\t\t\t\t\t\t\t\t\t\t\t\t\t\t<img fetchpriority=\"high\" decoding=\"async\" width=\"300\" height=\"225\" src=\"https:\/\/dev.winebrotherhoods.org\/wp-content\/uploads\/2022\/09\/Cloriviere_batiment-300x225.jpg\" class=\"attachment-medium size-medium wp-image-987\" alt=\"Cloriviere batiment\" srcset=\"https:\/\/dev.winebrotherhoods.org\/wp-content\/uploads\/2022\/09\/Cloriviere_batiment-300x225.jpg 300w, https:\/\/dev.winebrotherhoods.org\/wp-content\/uploads\/2022\/09\/Cloriviere_batiment.jpg 448w\" sizes=\"(max-width: 300px) 100vw, 300px\" \/>\t\t\t\t\t\t\t\t\t\t\t\t\t\t\t<\/div>\n\t\t\t\t<\/div>\n\t\t\t\t<div class=\"elementor-element elementor-element-dacf2ef elementor-widget elementor-widget-text-editor\" data-id=\"dacf2ef\" data-element_type=\"widget\" data-widget_type=\"text-editor.default\">\n\t\t\t\t<div class=\"elementor-widget-container\">\n\t\t\t\t\t\t\t\t\t<p>The Clorivi\u00e8re Wine Brotherhood was founded on 21 May, 2013 within the Institut de Formation Clorivi\u00e8re after the initiation of the Advanced Vocational Training Degree relative to Sales of Wines and Spirits through apprenticeship. The aim of the Brotherhood is to promote contacts between teachers, apprentices, professionals or any person qualified in education and assessment in the wines and spirits area.<\/p>\n\t\t\t\t\t\t\t\t<\/div>\n\t\t\t\t<\/div>\n\t\t\t\t<div class=\"elementor-element elementor-element-96d8398 elementor-widget elementor-widget-image\" data-id=\"96d8398\" data-element_type=\"widget\" data-widget_type=\"image.default\">\n\t\t\t\t<div class=\"elementor-widget-container\">\n\t\t\t\t\t\t\t\t\t\t\t\t\t\t\t<img decoding=\"async\" width=\"300\" height=\"225\" src=\"https:\/\/dev.winebrotherhoods.org\/wp-content\/uploads\/2022\/09\/Cloriviere_promo2014.jpg\" class=\"attachment-medium size-medium wp-image-991\" alt=\"Cloriviere promo2014\" \/>\t\t\t\t\t\t\t\t\t\t\t\t\t\t\t<\/div>\n\t\t\t\t<\/div>\n\t\t\t\t<div class=\"elementor-element elementor-element-809b330 elementor-widget elementor-widget-text-editor\" data-id=\"809b330\" data-element_type=\"widget\" data-widget_type=\"text-editor.default\">\n\t\t\t\t<div class=\"elementor-widget-container\">\n\t\t\t\t\t\t\t\t\t<p>The motto of the Brotherhood is: RATIONE VINI AMORI DOCERE<\/p>\n\t\t\t\t\t\t\t\t<\/div>\n\t\t\t\t<\/div>\n\t\t\t\t<div class=\"elementor-element elementor-element-196fb5a elementor-widget elementor-widget-text-editor\" data-id=\"196fb5a\" data-element_type=\"widget\" data-widget_type=\"text-editor.default\">\n\t\t\t\t<div class=\"elementor-widget-container\">\n\t\t\t\t\t\t\t\t\t<p>The association is composed of full members, honorary members, benefactor members and active or adherent members.<\/p>\n\t\t\t\t\t\t\t\t<\/div>\n\t\t\t\t<\/div>\n\t\t\t\t<div class=\"elementor-element elementor-element-94c9119 elementor-widget elementor-widget-text-editor\" data-id=\"94c9119\" data-element_type=\"widget\" data-widget_type=\"text-editor.default\">\n\t\t\t\t<div class=\"elementor-widget-container\">\n\t\t\t\t\t\t\t\t\t<p>NEWS<\/p>\n\t\t\t\t\t\t\t\t<\/div>\n\t\t\t\t<\/div>\n\t\t\t\t<div class=\"elementor-element elementor-element-8c5de3e elementor-widget elementor-widget-text-editor\" data-id=\"8c5de3e\" data-element_type=\"widget\" data-widget_type=\"text-editor.default\">\n\t\t\t\t<div class=\"elementor-widget-container\">\n\t\t\t\t\t\t\t\t\t<p>Each year, the Brotherhood organizes an induction ceremony for the graduated students and eminent professionals.<\/p>\n\t\t\t\t\t\t\t\t<\/div>\n\t\t\t\t<\/div>\n\t\t\t\t<div class=\"elementor-element elementor-element-9307f38 elementor-widget elementor-widget-image\" data-id=\"9307f38\" data-element_type=\"widget\" data-widget_type=\"image.default\">\n\t\t\t\t<div class=\"elementor-widget-container\">\n\t\t\t\t\t\t\t\t\t\t\t\t\t\t\t<img decoding=\"async\" width=\"300\" height=\"225\" src=\"https:\/\/dev.winebrotherhoods.org\/wp-content\/uploads\/2022\/09\/CONFRERIE-BACHIQUE-CLORIVIERE.jpg\" class=\"attachment-medium size-medium wp-image-989\" alt=\"CONFRERIE BACHIQUE CLORIVIERE\" \/>\t\t\t\t\t\t\t\t\t\t\t\t\t\t\t<\/div>\n\t\t\t\t<\/div>\n\t\t\t\t\t<\/div>\n\t\t<\/div>\n\t\t\t\t<div class=\"elementor-column elementor-col-50 elementor-top-column elementor-element elementor-element-f5847ea sticky-column\" data-id=\"f5847ea\" data-element_type=\"column\">\n\t\t\t<div class=\"elementor-widget-wrap elementor-element-populated\">\n\t\t\t\t\t\t<section class=\"elementor-section elementor-inner-section elementor-element elementor-element-b1d0c25 sticky-parent elementor-section-boxed elementor-section-height-default elementor-section-height-default\" data-id=\"b1d0c25\" data-element_type=\"section\">\n\t\t\t\t\t\t<div class=\"elementor-container elementor-column-gap-default\">\n\t\t\t\t\t<div class=\"elementor-column elementor-col-100 elementor-inner-column elementor-element elementor-element-3aa9316\" data-id=\"3aa9316\" data-element_type=\"column\" data-settings=\"{&quot;background_background&quot;:&quot;classic&quot;}\">\n\t\t\t<div class=\"elementor-widget-wrap elementor-element-populated\">\n\t\t\t\t\t\t<div class=\"elementor-element elementor-element-3047db5 elementor-widget elementor-widget-image\" data-id=\"3047db5\" data-element_type=\"widget\" data-widget_type=\"image.default\">\n\t\t\t\t<div class=\"elementor-widget-container\">\n\t\t\t\t\t\t\t\t\t\t\t\t\t\t\t<img loading=\"lazy\" decoding=\"async\" width=\"300\" height=\"212\" src=\"https:\/\/dev.winebrotherhoods.org\/wp-content\/uploads\/2022\/09\/BLASON-DEFDEF-CLORIVIERE.jpg\" class=\"attachment-medium size-medium wp-image-983\" alt=\"BLASON DEFDEF CLORIVIERE\" \/>\t\t\t\t\t\t\t\t\t\t\t\t\t\t\t<\/div>\n\t\t\t\t<\/div>\n\t\t\t\t<div class=\"elementor-element elementor-element-381dcc7 elementor-widget elementor-widget-text-editor\" data-id=\"381dcc7\" data-element_type=\"widget\" data-widget_type=\"text-editor.default\">\n\t\t\t\t<div class=\"elementor-widget-container\">\n\t\t\t\t\t\t\t\t\t<p>119 boulevard DIDEROT<\/p>\n<p>75012 \u2013 PARIS<\/p>\n<p>Tel. : + 33 1 47 83 42 49<\/p>\n<p>Fax. : +33 1 47 34 20 46<\/p>\n<p><strong>Contact<\/strong> : <a href=\"mailto:Sylvain.grelier@cloriviere.paris\">Sylvain.grelier@cloriviere.paris<\/a>   <\/p>\n<p><strong>Site<\/strong> : <a href=\"http:\/\/www.cloriviere.paris\/\">www.cloriviere.paris<\/a><\/p>\n<p><strong>Grand Ma\u00eetre <\/strong>Cyrille NIOL<\/p>\n<p>Grand Ecritoire: Sylvain GRELIER<\/p>\n<p>Grand Argentier : St\u00e9phane PHILIPPE<\/p>\n\t\t\t\t\t\t\t\t<\/div>\n\t\t\t\t<\/div>\n\t\t\t\t\t<\/div>\n\t\t<\/div>\n\t\t\t\t\t<\/div>\n\t\t<\/section>\n\t\t\t\t\t<\/div>\n\t\t<\/div>\n\t\t\t\t\t<\/div>\n\t\t<\/section>\n\t\t\t\t<\/div>\n\t\t","protected":false},"excerpt":{"rendered":"<p>CONFR\u00c9RIE BACHIQUE CLORIVI\u00c8RE The Clorivi\u00e8re Wine Brotherhood was founded on 21 May, 2013 within the Institut de Formation Clorivi\u00e8re after the initiation of the Advanced Vocational Training Degree relative to [&hellip;]<\/p>\n","protected":false},"author":2,"featured_media":983,"parent":4647,"menu_order":0,"comment_status":"closed","ping_status":"closed","template":"elementor_header_footer","meta":{"footnotes":""},"class_list":["post-4659","page","type-page","status-publish","has-post-thumbnail","hentry"],"post_mailing_queue_ids":[],"_links":{"self":[{"href":"https:\/\/dev.winebrotherhoods.org\/en\/wp-json\/wp\/v2\/pages\/4659","targetHints":{"allow":["GET"]}}],"collection":[{"href":"https:\/\/dev.winebrotherhoods.org\/en\/wp-json\/wp\/v2\/pages"}],"about":[{"href":"https:\/\/dev.winebrotherhoods.org\/en\/wp-json\/wp\/v2\/types\/page"}],"author":[{"embeddable":true,"href":"https:\/\/dev.winebrotherhoods.org\/en\/wp-json\/wp\/v2\/users\/2"}],"replies":[{"embeddable":true,"href":"https:\/\/dev.winebrotherhoods.org\/en\/wp-json\/wp\/v2\/comments?post=4659"}],"version-history":[{"count":2,"href":"https:\/\/dev.winebrotherhoods.org\/en\/wp-json\/wp\/v2\/pages\/4659\/revisions"}],"predecessor-version":[{"id":4869,"href":"https:\/\/dev.winebrotherhoods.org\/en\/wp-json\/wp\/v2\/pages\/4659\/revisions\/4869"}],"up":[{"embeddable":true,"href":"https:\/\/dev.winebrotherhoods.org\/en\/wp-json\/wp\/v2\/pages\/4647"}],"wp:featuredmedia":[{"embeddable":true,"href":"https:\/\/dev.winebrotherhoods.org\/en\/wp-json\/wp\/v2\/media\/983"}],"wp:attachment":[{"href":"https:\/\/dev.winebrotherhoods.org\/en\/wp-json\/wp\/v2\/media?parent=4659"}],"curies":[{"name":"wp","href":"https:\/\/api.w.org\/{rel}","templated":true}]}}